{"id":11392,"date":"2022-05-24T14:19:29","date_gmt":"2022-05-24T12:19:29","guid":{"rendered":"https:\/\/www.hallein.com\/club-824\/"},"modified":"2022-05-24T14:19:29","modified_gmt":"2022-05-24T12:19:29","slug":"club-824","status":"publish","type":"page","link":"https:\/\/www.hallein.com\/en\/erleben\/veranstaltungen\/club-824\/","title":{"rendered":"Club 824"},"content":{"rendered":"<p><strong>Er ist wieder da: Beim \u201eClub 824\u201c am Sch\u00f6ndorferplatz k\u00f6nnen Sie das Halleiner Stadtfest in besonderer Atmosph\u00e4re genie\u00dfen. Ob als Privatperson oder Unternehmen: Der \u201eClub 824\u201c bietet Ihnen Zugang zu einem exklusiven Catering vom Genussdealer Hallein inklusive Cocktails von der Red-Bull-Cocktailbar, Bier, Wein, DJ-Programm \u2013 und mehr! <\/strong><\/p>\n<p>Der Club 824 am Sch\u00f6ndorferplatz ist also Genuss pur \u2013 in jeglicher Hinsicht. Nach einer aufregenden Runde durch das bunte Stadtfest hier einen Stopp einlegen, herrliche Gerichte vom Genussdealer genie\u00dfen, fachm\u00e4nnisch gemixte Cocktails und mehr. Ein Ticket kostet 150,- Euro pro Person oder 1.500 Euro pro Tisch f\u00fcr 10 Personen. Interessiert? Sichern Sie sich gleich Ihr Ticket zum Club 824 \u2013 die St\u00fcckzahl ist begrenzt! <\/p>\n<p>Jetzt Einzelticket sichern! Hier geht\u2019s zum <strong><a href=\"https:\/\/shop.eventjet.at\/tourismusverband-hallein\/event\/7d14a91b-5e15-4fe2-ae40-bc0b9df12ce1\">Ticketverkauf<\/a><\/strong>.  <\/p>\n<p>Gleich Businessticket buchen \u2013 1 Tisch f\u00fcr bis zu 10 Personen! Hier geht\u2019s zum <strong><a href=\"https:\/\/shop.eventjet.at\/tourismusverband-hallein\/event\/7d14a91b-5e15-4fe2-ae40-bc0b9df12ce1\">Ticketverkauf<\/a><\/strong>. <\/p>\n","protected":false},"excerpt":{"rendered":"<p>Er ist wieder da: Beim \u201eClub 824\u201c am Sch\u00f6ndorferplatz k\u00f6nnen Sie das Halleiner Stadtfest in besonderer Atmosph\u00e4re genie\u00dfen. Ob als Privatperson oder Unternehmen: Der \u201eClub 824\u201c bietet Ihnen Zugang zu einem exklusiven Catering vom Genussdealer Hallein inklusive Cocktails von der Red-Bull-Cocktailbar, Bier, Wein, DJ-Programm \u2013 und mehr! Der Club 824 am Sch\u00f6ndorferplatz ist also Genuss [&hellip;]<\/p>\n","protected":false},"author":6,"featured_media":10321,"parent":11492,"menu_order":0,"comment_status":"closed","ping_status":"closed","template":"","meta":{"_acf_changed":false,"footnotes":""},"class_list":["post-11392","page","type-page","status-publish","has-post-thumbnail","hentry"],"acf":[],"_links":{"self":[{"href":"https:\/\/www.hallein.com\/en\/wp-json\/wp\/v2\/pages\/11392","targetHints":{"allow":["GET"]}}],"collection":[{"href":"https:\/\/www.hallein.com\/en\/wp-json\/wp\/v2\/pages"}],"about":[{"href":"https:\/\/www.hallein.com\/en\/wp-json\/wp\/v2\/types\/page"}],"author":[{"embeddable":true,"href":"https:\/\/www.hallein.com\/en\/wp-json\/wp\/v2\/users\/6"}],"replies":[{"embeddable":true,"href":"https:\/\/www.hallein.com\/en\/wp-json\/wp\/v2\/comments?post=11392"}],"version-history":[{"count":0,"href":"https:\/\/www.hallein.com\/en\/wp-json\/wp\/v2\/pages\/11392\/revisions"}],"up":[{"embeddable":true,"href":"https:\/\/www.hallein.com\/en\/wp-json\/wp\/v2\/pages\/11492"}],"wp:featuredmedia":[{"embeddable":true,"href":"https:\/\/www.hallein.com\/en\/wp-json\/wp\/v2\/media\/10321"}],"wp:attachment":[{"href":"https:\/\/www.hallein.com\/en\/wp-json\/wp\/v2\/media?parent=11392"}],"curies":[{"name":"wp","href":"https:\/\/api.w.org\/{rel}","templated":true}]}}